{"id":55050,"date":"2024-02-27T13:29:12","date_gmt":"2024-02-27T12:29:12","guid":{"rendered":"https:\/\/careconcierge.fr\/appointment-form\/"},"modified":"2026-02-26T16:28:07","modified_gmt":"2026-02-26T15:28:07","slug":"appointment-form","status":"publish","type":"page","link":"https:\/\/careconcierge.fr\/en\/appointment-form\/","title":{"rendered":"Appointment form"},"content":{"rendered":"\t\t<div data-elementor-type=\"wp-page\" data-elementor-id=\"55050\" class=\"elementor elementor-55050 elementor-48868\" data-elementor-post-type=\"page\">\n\t\t\t\t<div class=\"elementor-element elementor-element-6752aff e-flex e-con-boxed e-con e-parent\" data-id=\"6752aff\" data-element_type=\"container\" data-e-type=\"container\">\n\t\t\t\t\t<div class=\"e-con-inner\">\n\t\t<div class=\"elementor-element elementor-element-6eaffe7 e-con-full e-flex e-con e-child\" data-id=\"6eaffe7\" data-element_type=\"container\" data-e-type=\"container\">\n\t\t\t\t<\/div>\n\t\t<div class=\"elementor-element elementor-element-2fe9396 e-con-full e-flex e-con e-child\" data-id=\"2fe9396\" data-element_type=\"container\" data-e-type=\"container\">\n\t\t\t\t<\/div>\n\t\t\t\t\t<\/div>\n\t\t\t\t<\/div>\n\t\t<div class=\"elementor-element elementor-element-9147478 e-flex e-con-boxed e-con e-parent\" data-id=\"9147478\" data-element_type=\"container\" data-e-type=\"container\">\n\t\t\t\t\t<div class=\"e-con-inner\">\n\t\t\t\t<div class=\"elementor-element elementor-element-9c6a1e6 animated-slow elementor-invisible elementor-widget elementor-widget-wpforms\" data-id=\"9c6a1e6\" data-element_type=\"widget\" data-e-type=\"widget\" data-settings=\"{&quot;_animation&quot;:&quot;fadeIn&quot;,&quot;_animation_delay&quot;:100}\" data-widget_type=\"wpforms.default\">\n\t\t\t\t<div class=\"elementor-widget-container\">\n\t\t\t\t\t<style id=\"wpforms-css-vars-elementor-widget-9c6a1e6\">\n\t\t\t\t.elementor-widget-wpforms.elementor-element-9c6a1e6 {\n\t\t\t\t--wpforms-field-border-radius: 35px;\n--wpforms-label-color: #293B4C;\n--wpforms-label-sublabel-color: #293B4C;\n--wpforms-button-background-color: #BD9254;\n--wpforms-field-size-input-height: 50px;\n--wpforms-field-size-input-spacing: 20px;\n--wpforms-field-size-font-size: 18px;\n--wpforms-field-size-line-height: 21px;\n--wpforms-field-size-padding-h: 14px;\n--wpforms-field-size-checkbox-size: 18px;\n--wpforms-field-size-sublabel-spacing: 10px;\n--wpforms-field-size-icon-size: 1.25;\n--wpforms-label-size-font-size: 18px;\n--wpforms-label-size-line-height: 21px;\n--wpforms-label-size-sublabel-font-size: 16px;\n--wpforms-label-size-sublabel-line-height: 19px;\n\t\t\t}\n\t\t\t<\/style><div class=\"wpforms-container wpforms-container-full wpforms-render-modern\" id=\"wpforms-48862\"><form id=\"wpforms-form-48862\" class=\"wpforms-validate wpforms-form wpforms-ajax-form\" data-formid=\"48862\" method=\"post\" enctype=\"multipart\/form-data\" action=\"\/en\/wp-json\/wp\/v2\/pages\/55050\" data-token=\"aa875b3a135f14214eda787f344070ab\" data-token-time=\"1776218943\"><noscript class=\"wpforms-error-noscript\">Please enable JavaScript in your browser to complete this form.<\/noscript><div id=\"wpforms-error-noscript\" style=\"display: none;\">Please enable JavaScript in your browser to complete this form.<\/div><div class=\"wpforms-field-container\"><div id=\"wpforms-48862-field_0-container\" class=\"wpforms-field wpforms-field-name\" data-field-id=\"0\"><label class=\"wpforms-field-label\" for=\"wpforms-48862-field_0\">Votre nom <span class=\"wpforms-required-label\" aria-hidden=\"true\">*<\/span><\/label><input type=\"text\" id=\"wpforms-48862-field_0\" class=\"wpforms-field-medium wpforms-field-required\" name=\"wpforms[fields][0]\" aria-errormessage=\"wpforms-48862-field_0-error\" required><\/div><div id=\"wpforms-48862-field_5-container\" class=\"wpforms-field wpforms-field-text\" data-field-id=\"5\"><label class=\"wpforms-field-label\" for=\"wpforms-48862-field_5\">Num\u00e9ro de t\u00e9l\u00e9phone <span class=\"wpforms-required-label\" aria-hidden=\"true\">*<\/span><\/label><input type=\"text\" id=\"wpforms-48862-field_5\" class=\"wpforms-field-medium wpforms-field-required\" name=\"wpforms[fields][5]\" aria-errormessage=\"wpforms-48862-field_5-error\" required><\/div><div id=\"wpforms-48862-field_6-container\" class=\"wpforms-field wpforms-field-email\" data-field-id=\"6\"><label class=\"wpforms-field-label\" for=\"wpforms-48862-field_6\">Email <span class=\"wpforms-required-label\" aria-hidden=\"true\">*<\/span><\/label><input type=\"email\" id=\"wpforms-48862-field_6\" class=\"wpforms-field-medium wpforms-field-required\" name=\"wpforms[fields][6]\" spellcheck=\"false\" aria-errormessage=\"wpforms-48862-field_6-error\" required><\/div><div id=\"wpforms-48862-field_7-container\" class=\"wpforms-field wpforms-field-text\" data-field-id=\"7\"><label class=\"wpforms-field-label\" for=\"wpforms-48862-field_7\">Adresse<\/label><input type=\"text\" id=\"wpforms-48862-field_7\" class=\"wpforms-field-medium\" name=\"wpforms[fields][7]\" aria-errormessage=\"wpforms-48862-field_7-error\" ><\/div><div id=\"wpforms-48862-field_3-container\" class=\"wpforms-field wpforms-field-radio wpforms-list-3-columns\" data-field-id=\"3\"><fieldset><legend class=\"wpforms-field-label\">Rendez-vous<\/legend><ul id=\"wpforms-48862-field_3\" class=\"wpforms-icon-choices wpforms-icon-choices-default wpforms-icon-choices-small\" style=\"--wpforms-icon-choices-color: #bd9254;\"><li class=\"choice-1 depth-1 wpforms-icon-choices-item\"><label class=\"wpforms-field-label-inline\" for=\"wpforms-48862-field_3_1\">\n\t\t\t\t<span class=\"wpforms-icon-choices-icon\">\n\t\t\t\t\t<svg xmlns=\"http:\/\/www.w3.org\/2000\/svg\" width=\"40\" height=\"32\" viewBox=\"0 0 640 512\"><!--! Font Awesome Free 6.4.0 by @fontawesome - https:\/\/fontawesome.com License - https:\/\/fontawesome.com\/license\/free (Icons: CC BY 4.0, Fonts: SIL OFL 1.1, Code: MIT License) Copyright 2023 Fonticons, Inc. --><path d=\"M272.2 64.6l-51.1 51.1c-15.3 4.2-29.5 11.9-41.5 22.5L153 161.9C142.8 171 129.5 176 115.8 176H96V304c20.4 .6 39.8 8.9 54.3 23.4l35.6 35.6 7 7 0 0L219.9 397c6.2 6.2 16.4 6.2 22.6 0c1.7-1.7 3-3.7 3.7-5.8c2.8-7.7 9.3-13.5 17.3-15.3s16.4 .6 22.2 6.5L296.5 393c11.6 11.6 30.4 11.6 41.9 0c5.4-5.4 8.3-12.3 8.6-19.4c.4-8.8 5.6-16.6 13.6-20.4s17.3-3 24.4 2.1c9.4 6.7 22.5 5.8 30.9-2.6c9.4-9.4 9.4-24.6 0-33.9L340.1 243l-35.8 33c-27.3 25.2-69.2 25.6-97 .9c-31.7-28.2-32.4-77.4-1.6-106.5l70.1-66.2C303.2 78.4 339.4 64 377.1 64c36.1 0 71 13.3 97.9 37.2L505.1 128H544h40 40c8.8 0 16 7.2 16 16V352c0 17.7-14.3 32-32 32H576c-11.8 0-22.2-6.4-27.7-16H463.4c-3.4 6.7-7.9 13.1-13.5 18.7c-17.1 17.1-40.8 23.8-63 20.1c-3.6 7.3-8.5 14.1-14.6 20.2c-27.3 27.3-70 30-100.4 8.1c-25.1 20.8-62.5 19.5-86-4.1L159 404l-7-7-35.6-35.6c-5.5-5.5-12.7-8.7-20.4-9.3C96 369.7 81.6 384 64 384H32c-17.7 0-32-14.3-32-32V144c0-8.8 7.2-16 16-16H56 96h19.8c2 0 3.9-.7 5.3-2l26.5-23.6C175.5 77.7 211.4 64 248.7 64H259c4.4 0 8.9 .2 13.2 .6zM544 320V176H496c-5.9 0-11.6-2.2-15.9-6.1l-36.9-32.8c-18.2-16.2-41.7-25.1-66.1-25.1c-25.4 0-49.8 9.7-68.3 27.1l-70.1 66.2c-10.3 9.8-10.1 26.3 .5 35.7c9.3 8.3 23.4 8.1 32.5-.3l71.9-66.4c9.7-9 24.9-8.4 33.9 1.4s8.4 24.9-1.4 33.9l-.8 .8 74.4 74.4c10 10 16.5 22.3 19.4 35.1H544zM64 336a16 16 0 1 0 -32 0 16 16 0 1 0 32 0zm528 16a16 16 0 1 0 0-32 16 16 0 1 0 0 32z\"\/><\/svg>\n\t\t\t\t\t<span class=\"wpforms-icon-choices-icon-bg\"><\/span>\n\t\t\t\t<\/span>\n\t\t\t\t<input type=\"radio\" id=\"wpforms-48862-field_3_1\" class=\"wpforms-screen-reader-element\" name=\"wpforms[fields][3]\" value=\"Chez vous\" aria-errormessage=\"wpforms-48862-field_3_1-error\"  >\n\t\t\t\t<span class=\"wpforms-icon-choices-label\">Chez vous<\/span>\n\t\t\t<\/label><\/li><li class=\"choice-2 depth-1 wpforms-icon-choices-item\"><label class=\"wpforms-field-label-inline\" for=\"wpforms-48862-field_3_2\">\n\t\t\t\t<span class=\"wpforms-icon-choices-icon\">\n\t\t\t\t\t<svg xmlns=\"http:\/\/www.w3.org\/2000\/svg\" width=\"40\" height=\"32\" viewBox=\"0 0 640 512\"><!--! Font Awesome Free 6.4.0 by @fontawesome - https:\/\/fontawesome.com License - https:\/\/fontawesome.com\/license\/free (Icons: CC BY 4.0, Fonts: SIL OFL 1.1, Code: MIT License) Copyright 2023 Fonticons, Inc. --><path d=\"M335.5 4l288 160c15.4 8.6 21 28.1 12.4 43.5s-28.1 21-43.5 12.4L320 68.6 47.5 220c-15.4 8.6-34.9 3-43.5-12.4s-3-34.9 12.4-43.5L304.5 4c9.7-5.4 21.4-5.4 31.1 0zM320 160a40 40 0 1 1 0 80 40 40 0 1 1 0-80zM144 256a40 40 0 1 1 0 80 40 40 0 1 1 0-80zm312 40a40 40 0 1 1 80 0 40 40 0 1 1 -80 0zM226.9 491.4L200 441.5V480c0 17.7-14.3 32-32 32H120c-17.7 0-32-14.3-32-32V441.5L61.1 491.4c-6.3 11.7-20.8 16-32.5 9.8s-16-20.8-9.8-32.5l37.9-70.3c15.3-28.5 45.1-46.3 77.5-46.3h19.5c16.3 0 31.9 4.5 45.4 12.6l33.6-62.3c15.3-28.5 45.1-46.3 77.5-46.3h19.5c32.4 0 62.1 17.8 77.5 46.3l33.6 62.3c13.5-8.1 29.1-12.6 45.4-12.6h19.5c32.4 0 62.1 17.8 77.5 46.3l37.9 70.3c6.3 11.7 1.9 26.2-9.8 32.5s-26.2 1.9-32.5-9.8L552 441.5V480c0 17.7-14.3 32-32 32H472c-17.7 0-32-14.3-32-32V441.5l-26.9 49.9c-6.3 11.7-20.8 16-32.5 9.8s-16-20.8-9.8-32.5l36.3-67.5c-1.7-1.7-3.2-3.6-4.3-5.8L376 345.5V400c0 17.7-14.3 32-32 32H296c-17.7 0-32-14.3-32-32V345.5l-26.9 49.9c-1.2 2.2-2.6 4.1-4.3 5.8l36.3 67.5c6.3 11.7 1.9 26.2-9.8 32.5s-26.2 1.9-32.5-9.8z\"\/><\/svg>\n\t\t\t\t\t<span class=\"wpforms-icon-choices-icon-bg\"><\/span>\n\t\t\t\t<\/span>\n\t\t\t\t<input type=\"radio\" id=\"wpforms-48862-field_3_2\" class=\"wpforms-screen-reader-element\" name=\"wpforms[fields][3]\" value=\"\u00c0 notre bureau\" aria-errormessage=\"wpforms-48862-field_3_2-error\"  >\n\t\t\t\t<span class=\"wpforms-icon-choices-label\">\u00c0 notre bureau<\/span>\n\t\t\t<\/label><\/li><li class=\"choice-3 depth-1 wpforms-icon-choices-item wpforms-selected\"><label class=\"wpforms-field-label-inline\" for=\"wpforms-48862-field_3_3\">\n\t\t\t\t<span class=\"wpforms-icon-choices-icon\">\n\t\t\t\t\t<svg xmlns=\"http:\/\/www.w3.org\/2000\/svg\" width=\"40\" height=\"32\" viewBox=\"0 0 384 512\"><!--! Font Awesome Free 6.4.0 by @fontawesome - https:\/\/fontawesome.com License - https:\/\/fontawesome.com\/license\/free (Icons: CC BY 4.0, Fonts: SIL OFL 1.1, Code: MIT License) Copyright 2023 Fonticons, Inc. --><path d=\"M16 64C16 28.7 44.7 0 80 0H304c35.3 0 64 28.7 64 64V448c0 35.3-28.7 64-64 64H80c-35.3 0-64-28.7-64-64V64zM144 448c0 8.8 7.2 16 16 16h64c8.8 0 16-7.2 16-16s-7.2-16-16-16H160c-8.8 0-16 7.2-16 16zM304 64H80V384H304V64z\"\/><\/svg>\n\t\t\t\t\t<span class=\"wpforms-icon-choices-icon-bg\"><\/span>\n\t\t\t\t<\/span>\n\t\t\t\t<input type=\"radio\" id=\"wpforms-48862-field_3_3\" class=\"wpforms-screen-reader-element\" name=\"wpforms[fields][3]\" value=\"T\u00e9l\u00e9phone\" aria-errormessage=\"wpforms-48862-field_3_3-error\"   checked='checked'>\n\t\t\t\t<span class=\"wpforms-icon-choices-label\">T\u00e9l\u00e9phone<\/span>\n\t\t\t<\/label><\/li><\/ul><\/fieldset><\/div><div id=\"wpforms-48862-field_2-container\" class=\"wpforms-field wpforms-field-textarea\" data-field-id=\"2\"><label class=\"wpforms-field-label\" for=\"wpforms-48862-field_2\">Heure et date <span class=\"wpforms-required-label\" aria-hidden=\"true\">*<\/span><\/label><textarea id=\"wpforms-48862-field_2\" class=\"wpforms-field-medium wpforms-field-required\" name=\"wpforms[fields][2]\" aria-errormessage=\"wpforms-48862-field_2-error\" aria-describedby=\"wpforms-48862-field_2-description\" required><\/textarea><div id=\"wpforms-48862-field_2-description\" class=\"wpforms-field-description\">Nos horaires sont de 9h00 \u00e0 17h00 du lundi au dimanche.<\/div><\/div><\/div><!-- .wpforms-field-container --><div class=\"wpforms-submit-container\" ><input type=\"hidden\" name=\"wpforms[id]\" value=\"48862\"><input type=\"hidden\" name=\"page_title\" value=\"\"><input type=\"hidden\" name=\"page_url\" value=\"https:\/\/careconcierge.fr\/en\/wp-json\/wp\/v2\/pages\/55050\"><input type=\"hidden\" name=\"url_referer\" value=\"\"><button type=\"submit\" name=\"wpforms[submit]\" id=\"wpforms-submit-48862\" class=\"wpforms-submit\" data-alt-text=\"Envoi en cours\u2026\" data-submit-text=\"Envoyer\" aria-live=\"assertive\" value=\"wpforms-submit\">Envoyer<\/button><img decoding=\"async\" src=\"https:\/\/careconcierge.fr\/wp-content\/plugins\/wpforms-lite\/assets\/images\/submit-spin.svg\" class=\"wpforms-submit-spinner\" style=\"display: none;\" width=\"26\" height=\"26\" alt=\"Loading\" title=\"\"><\/div><\/form><\/div>  <!-- .wpforms-container -->\t\t\t\t<\/div>\n\t\t\t\t<\/div>\n\t\t\t\t\t<\/div>\n\t\t\t\t<\/div>\n\t\t<div class=\"elementor-element elementor-element-5749d27 e-con-full e-flex e-con e-parent\" data-id=\"5749d27\" data-element_type=\"container\" data-e-type=\"container\">\n\t\t<div class=\"elementor-element elementor-element-94ca2fb e-flex e-con-boxed e-con e-child\" data-id=\"94ca2fb\" data-element_type=\"container\" data-e-type=\"container\">\n\t\t\t\t\t<div class=\"e-con-inner\">\n\t\t\t\t<div class=\"elementor-element elementor-element-e9c7d2c elementor-widget-divider--view-line_icon elementor-view-default elementor-widget-divider--element-align-center elementor-widget elementor-widget-divider\" data-id=\"e9c7d2c\" data-element_type=\"widget\" data-e-type=\"widget\" data-widget_type=\"divider.default\">\n\t\t\t\t<div class=\"elementor-widget-container\">\n\t\t\t\t\t\t\t<div class=\"elementor-divider\">\n\t\t\t<span class=\"elementor-divider-separator\">\n\t\t\t\t\t\t\t<div class=\"elementor-icon elementor-divider__element\">\n\t\t\t\t\t<svg xmlns=\"http:\/\/www.w3.org\/2000\/svg\" xmlns:xlink=\"http:\/\/www.w3.org\/1999\/xlink\" id=\"Layer_1\" x=\"0px\" y=\"0px\" viewBox=\"0 0 16 16\" style=\"enable-background:new 0 0 16 16;\" xml:space=\"preserve\"> <style type=\"text\/css\"> .st0{fill:#293B4C;} <\/style> <g> <g> <g> <path class=\"st0\" d=\"M13.5,4.9c-0.2-1.4-0.8-2.6-1.8-3.5c-2.1-1.8-5-1.9-7.1-0.2c-1.3,1-2,2.4-2.1,4.1c0,1,0.7,2.8,0.7,2.8 l3.4-3.5c0,0,1.6,1.7,2.5,2.5c0.3-0.3,1.1-1.2,1.1-1.2l2.5,2.6C12.6,8.5,13.6,6.2,13.5,4.9z M8.1,4.8C7.5,4.8,6.9,4.5,6.6,4 C6.3,3.7,6.2,3.3,6.2,2.9C6.2,1.9,7,1,8,1c1,0,1.9,0.8,1.9,1.9c0,0.5-0.2,0.9-0.4,1.2C9.2,4.5,8.7,4.8,8.1,4.8z\"><\/path> <\/g> <g> <polygon class=\"st0\" points=\"6.5,10.1 6.5,5.3 3.4,8.5 8.1,16 10.2,12.6 10.2,6.5 \"><\/polygon> <\/g> <\/g> <\/g> <\/svg><\/div>\n\t\t\t\t\t\t<\/span>\n\t\t<\/div>\n\t\t\t\t\t\t<\/div>\n\t\t\t\t<\/div>\n\t\t\t\t<div class=\"elementor-element elementor-element-d22054f elementor-widget elementor-widget-heading\" data-id=\"d22054f\" data-element_type=\"widget\" data-e-type=\"widget\" data-widget_type=\"heading.default\">\n\t\t\t\t<div class=\"elementor-widget-container\">\n\t\t\t\t\t<h2 class=\"elementor-heading-title elementor-size-default\">Our 3 agencies in the Mont-Blanc valley<\/h2>\t\t\t\t<\/div>\n\t\t\t\t<\/div>\n\t\t\t\t<div class=\"elementor-element elementor-element-58818cd elementor-widget elementor-widget-text-editor\" data-id=\"58818cd\" data-element_type=\"widget\" data-e-type=\"widget\" data-widget_type=\"text-editor.default\">\n\t\t\t\t<div class=\"elementor-widget-container\">\n\t\t\t\t\t\t\t\t\t<p style=\"text-align: center;\" data-start=\"483\" data-end=\"675\">For greater proximity and responsiveness, Care Concierge has three strategic locations to ensure local follow-up and a structured organization for each owner.<\/p>\t\t\t\t\t\t\t\t<\/div>\n\t\t\t\t<\/div>\n\t\t\t\t\t<\/div>\n\t\t\t\t<\/div>\n\t\t<div class=\"elementor-element elementor-element-17bb845 e-con-full e-flex e-con e-child\" data-id=\"17bb845\" data-element_type=\"container\" data-e-type=\"container\">\n\t\t<div class=\"elementor-element elementor-element-a31e3bc e-con-full e-flex e-con e-child\" data-id=\"a31e3bc\" data-element_type=\"container\" data-e-type=\"container\">\n\t\t<div class=\"elementor-element elementor-element-0871814 e-con-full e-flex e-con e-child\" data-id=\"0871814\" data-element_type=\"container\" data-e-type=\"container\">\n\t\t\t\t<div class=\"elementor-element elementor-element-15a14c0 elementor-widget elementor-widget-heading\" data-id=\"15a14c0\" data-element_type=\"widget\" data-e-type=\"widget\" data-widget_type=\"heading.default\">\n\t\t\t\t<div class=\"elementor-widget-container\">\n\t\t\t\t\t<h3 class=\"elementor-heading-title elementor-size-default\">Property Management Chamonix<\/h3>\t\t\t\t<\/div>\n\t\t\t\t<\/div>\n\t\t\t\t<div class=\"elementor-element elementor-element-046d51f elementor-widget elementor-widget-text-editor\" data-id=\"046d51f\" data-element_type=\"widget\" data-e-type=\"widget\" data-widget_type=\"text-editor.default\">\n\t\t\t\t<div class=\"elementor-widget-container\">\n\t\t\t\t\t\t\t\t\t<p data-start=\"928\" data-end=\"1001\">\ud83d\udccd Les Houches \u2013 Chamonix<br data-start=\"953\" data-end=\"956\">Dedicated team: Sales, Customer Service &amp; Accounting<\/p><p><a href=\"https:\/\/careconcierge.fr\/gestion-locative-airbnb\/chamonix\/\">\ud83d\udd17 <strong data-start=\"1182\" data-end=\"1225\">Discover our property management in Chamonix<\/strong><\/a><\/p>\t\t\t\t\t\t\t\t<\/div>\n\t\t\t\t<\/div>\n\t\t\t\t<\/div>\n\t\t<div class=\"elementor-element elementor-element-bcdb1ca e-con-full e-flex e-con e-child\" data-id=\"bcdb1ca\" data-element_type=\"container\" data-e-type=\"container\">\n\t\t\t\t<div class=\"elementor-element elementor-element-85944d5 elementor-widget elementor-widget-heading\" data-id=\"85944d5\" data-element_type=\"widget\" data-e-type=\"widget\" data-widget_type=\"heading.default\">\n\t\t\t\t<div class=\"elementor-widget-container\">\n\t\t\t\t\t<h3 class=\"elementor-heading-title elementor-size-default\">Sallanches and Saint-Gervais-les-Bains Property Management<\/h3>\t\t\t\t<\/div>\n\t\t\t\t<\/div>\n\t\t\t\t<div class=\"elementor-element elementor-element-90bdda5 elementor-widget elementor-widget-text-editor\" data-id=\"90bdda5\" data-element_type=\"widget\" data-e-type=\"widget\" data-widget_type=\"text-editor.default\">\n\t\t\t\t<div class=\"elementor-widget-container\">\n\t\t\t\t\t\t\t\t\t<p data-start=\"1262\" data-end=\"1316\">\ud83d\udccd Sallanches<br data-start=\"1275\" data-end=\"1278\">Dedicated team: Sales, Customer Service &amp; Marketing<\/p><p><a href=\"https:\/\/careconcierge.fr\/gestion-locative-airbnb\/saint-gervais-les-bains\/\">\ud83d\udd17 <strong data-start=\"1182\" data-end=\"1225\">Discover our property management in Saint-Gervais-les-Bains<\/strong><\/a><\/p>\t\t\t\t\t\t\t\t<\/div>\n\t\t\t\t<\/div>\n\t\t\t\t<\/div>\n\t\t<div class=\"elementor-element elementor-element-c38e8a5 e-con-full e-flex e-con e-child\" data-id=\"c38e8a5\" data-element_type=\"container\" data-e-type=\"container\">\n\t\t\t\t<div class=\"elementor-element elementor-element-c2d03cd elementor-widget elementor-widget-heading\" data-id=\"c2d03cd\" data-element_type=\"widget\" data-e-type=\"widget\" data-widget_type=\"heading.default\">\n\t\t\t\t<div class=\"elementor-widget-container\">\n\t\t\t\t\t<h3 class=\"elementor-heading-title elementor-size-default\">Property Management Meg\u00e8ve<\/h3>\t\t\t\t<\/div>\n\t\t\t\t<\/div>\n\t\t\t\t<div class=\"elementor-element elementor-element-274380a elementor-widget elementor-widget-text-editor\" data-id=\"274380a\" data-element_type=\"widget\" data-e-type=\"widget\" data-widget_type=\"text-editor.default\">\n\t\t\t\t<div class=\"elementor-widget-container\">\n\t\t\t\t\t\t\t\t\t<p data-start=\"1625\" data-end=\"1674\">\ud83d\udccd Meg\u00e8ve<br data-start=\"1634\" data-end=\"1637\">Dedicated team: Operations team<\/p><p><a href=\"https:\/\/careconcierge.fr\/gestion-locative-airbnb\/megeve\/\"><img decoding=\"async\" class=\"emoji\" role=\"img\" draggable=\"false\" src=\"https:\/\/s.w.org\/images\/core\/emoji\/17.0.2\/svg\/1f517.svg\" alt=\"\ud83d\udd17\" title=\"\"> <strong data-start=\"1182\" data-end=\"1225\">Discover our property management in Meg\u00e8ve<\/strong><\/a><\/p>\t\t\t\t\t\t\t\t<\/div>\n\t\t\t\t<\/div>\n\t\t\t\t<\/div>\n\t\t\t\t<\/div>\n\t\t<div class=\"elementor-element elementor-element-5e0ac66 e-con-full e-flex e-con e-child\" data-id=\"5e0ac66\" data-element_type=\"container\" data-e-type=\"container\">\n\t\t\t\t<div class=\"elementor-element elementor-element-5ca369a elementor-widget elementor-widget-html\" data-id=\"5ca369a\" data-element_type=\"widget\" data-e-type=\"widget\" data-widget_type=\"html.default\">\n\t\t\t\t<div class=\"elementor-widget-container\">\n\t\t\t\t\t<iframe src=\"https:\/\/storage.googleapis.com\/maps-solutions-ag2q0nt3aj\/locator-plus\/2pad\/locator-plus.html\" width=\"100%\" style=\"border:0; min-height:900px; height:600px;\" loading=\"lazy\" referrerpolicy=\"no-referrer-when-downgrade\">\r\n<\/iframe>\t\t\t\t<\/div>\n\t\t\t\t<\/div>\n\t\t\t\t<\/div>\n\t\t\t\t<\/div>\n\t\t\t\t<\/div>\n\t\t\t\t<\/div>\n\t\t","protected":false},"excerpt":{"rendered":"<p>Veuillez activer JavaScript dans votre navigateur pour remplir ce formulaire.Veuillez activer JavaScript dans votre navigateur pour remplir ce formulaire.Votre nom *Num\u00e9ro de t\u00e9l\u00e9phone *Email *Adresse Rendez-vous Chez vous \u00c0 notre bureau T\u00e9l\u00e9phone Heure et date *Nos horaires sont de 9h00 \u00e0 17h00 du lundi au dimanche. Envoyer Our 3 agencies in the Mont-Blanc valley For [&hellip;]<\/p>\n","protected":false},"author":1,"featured_media":0,"parent":0,"menu_order":0,"comment_status":"closed","ping_status":"closed","template":"elementor_canvas","meta":{"inline_featured_image":false,"footnotes":""},"class_list":["post-55050","page","type-page","status-publish","hentry"],"rttpg_featured_image_url":null,"rttpg_author":{"display_name":"mattman416","author_link":"https:\/\/careconcierge.fr\/en\/author\/mattman416\/"},"rttpg_comment":0,"rttpg_category":" <a href=\"https:\/\/careconcierge.fr\/en\/?taxonomy=translation_priority&#038;term=optional\" rel=\"tag\">Optional<\/a>","rttpg_excerpt":"Veuillez activer JavaScript dans votre navigateur pour remplir ce formulaire.Veuillez activer JavaScript dans votre navigateur pour remplir ce formulaire.Votre nom *Num\u00e9ro de t\u00e9l\u00e9phone *Email *Adresse Rendez-vous Chez vous \u00c0 notre bureau T\u00e9l\u00e9phone Heure et date *Nos horaires sont de 9h00 \u00e0 17h00 du lundi au dimanche. Envoyer Our 3 agencies in the Mont-Blanc valley For&hellip;","_links":{"self":[{"href":"https:\/\/careconcierge.fr\/en\/wp-json\/wp\/v2\/pages\/55050","targetHints":{"allow":["GET"]}}],"collection":[{"href":"https:\/\/careconcierge.fr\/en\/wp-json\/wp\/v2\/pages"}],"about":[{"href":"https:\/\/careconcierge.fr\/en\/wp-json\/wp\/v2\/types\/page"}],"author":[{"embeddable":true,"href":"https:\/\/careconcierge.fr\/en\/wp-json\/wp\/v2\/users\/1"}],"replies":[{"embeddable":true,"href":"https:\/\/careconcierge.fr\/en\/wp-json\/wp\/v2\/comments?post=55050"}],"version-history":[{"count":2,"href":"https:\/\/careconcierge.fr\/en\/wp-json\/wp\/v2\/pages\/55050\/revisions"}],"predecessor-version":[{"id":55052,"href":"https:\/\/careconcierge.fr\/en\/wp-json\/wp\/v2\/pages\/55050\/revisions\/55052"}],"wp:attachment":[{"href":"https:\/\/careconcierge.fr\/en\/wp-json\/wp\/v2\/media?parent=55050"}],"curies":[{"name":"wp","href":"https:\/\/api.w.org\/{rel}","templated":true}]}}